{"id":787,"date":"2023-06-30T01:33:56","date_gmt":"2023-06-30T00:33:56","guid":{"rendered":"https:\/\/www.cofinaboostsolutions.pt\/branded-content\/?page_id=787"},"modified":"2023-10-30T13:10:38","modified_gmt":"2023-10-30T13:10:38","slug":"awards","status":"publish","type":"page","link":"https:\/\/www.cofinaboostsolutions.pt\/branded-content\/awards\/","title":{"rendered":"Awards"},"content":{"rendered":"\n<p>A <strong>BCMA \u2013 Branded Content Marketing Association Portugal<\/strong> e o grupo <strong>Cofina<\/strong> lan\u00e7am o&nbsp;<strong>Branded Content Awards, <\/strong>um novo pr\u00e9mio com o objetivo de reconhecer a criatividade e a excel\u00eancia das iniciativas de <em>branded content<\/em> de Portugal, incentivando o talento dos profissionais que desenvolvem projetos de <em>branded content<\/em> e <em>brand storytelling<\/em>.<\/p>\n\n\n<\/div><div class=\"youtube uk-container uk-margin-medium-top\"><iframe width=\"1280\" height=\"720\" src=\"\/\/www.youtube.com\/embed\/4Pcbs8C6OQY?showinfo=0\" frameborder=\"0\" allowfullscreen data-uk-responsive loading=\"lazy\"><\/iframe><\/div><div class=\"uk-container uk-container-small uk-margin-medium-top\">\n\n\n\n<p>Este pr\u00e9mio destina-se a <strong>marcas<\/strong>, <strong>ag\u00eancias de criatividade<\/strong>, <strong>ag\u00eancias de meios<\/strong> e <strong>produtoras <\/strong>que pretendam potenciar o valor das suas marcas e das marcas dos seus parceiros, afirmando-se com trabalhos inspiradores.<\/p>\n\n\n\n<div class=\"wp-block-columns is-layout-flex wp-container-core-columns-layout-1 wp-block-columns-is-layout-flex\">\n<div class=\"wp-block-column is-layout-flow wp-block-column-is-layout-flow\">\n<h4 class=\"wp-block-heading\">Categorias a concurso<\/h4>\n\n\n\n<ul>\n<li>Comunica\u00e7\u00e3o Integrada<\/li>\n\n\n\n<li><em>Brand Experience<\/em><\/li>\n\n\n\n<li><em>Work for Good<\/em><\/li>\n\n\n\n<li><em>Power of Storytelling<\/em><\/li>\n<\/ul>\n<\/div>\n\n\n\n<div class=\"wp-block-column is-layout-flow wp-block-column-is-layout-flow\">\n<h4 class=\"wp-block-heading\">Crit\u00e9rios de avalia\u00e7\u00e3o das candidaturas<\/h4>\n\n\n\n<ul>\n<li>Excel\u00eancia criativa<\/li>\n\n\n\n<li>Resultados<\/li>\n\n\n\n<li>Relev\u00e2ncia<\/li>\n\n\n\n<li>Originalidade<\/li>\n<\/ul>\n<\/div>\n\n\n\n<div class=\"wp-block-column is-layout-flow wp-block-column-is-layout-flow\"><h4>Pre\u00e7os  Regulares<\/h4><p class=\"uk-text-smaller\">Os pre\u00e7os s\u00e3o v\u00e1lidos para a candidatura de um projeto \u00fanico, consoante o n\u00famero de categorias que se candidate. Caso pretenda inscrever v\u00e1rios projetos, poder\u00e1 beneficiar de desconto para candidaturas em bloco.<\/p><table class=\"price-table uk-table uk-table-small uk-table-divider\"><thead><tr><th>Categorias<\/th><th>Pre\u00e7o<\/th><\/tr><\/thead><tbody><tr><td>Categoria #1<\/td><td>\u20ac 190,00<\/td><\/tr><tr><td>Categoria #2<\/td><td>\u20ac 171,00<\/td><\/tr><tr><td>Categoria #3<\/td><td>\u20ac 161,50<\/td><\/tr><tr><td>Categoria #4<\/td><td>\u20ac 152,00<\/td><\/tr><\/tbody><\/table><p class=\"uk-text-smaller\">Aos valores acresce IVA em vigor.<\/p>\n<\/div>\n\n\n\n<div class=\"wp-block-column is-layout-flow wp-block-column-is-layout-flow\">\n<h4 class=\"wp-block-heading\">Candidaturas em bloco<\/h4>\n\n\n\n<p class=\"uk-text-smaller\">Os descontos s\u00e3o v\u00e1lidos para candidaturas feitas pela mesma empresa e independentemente do n\u00famero de categorias a que se candidata.<\/p>\n\n\n\n<ul>\n<li>10% at\u00e9 3 candidaturas (*)<\/li>\n\n\n\n<li>15% at\u00e9 5 candidaturas (*)<\/li>\n\n\n\n<li>20% em 6 ou mais candidaturas (*)<\/li>\n<\/ul>\n\n\n\n<p class=\"uk-text-smaller uk-text-muted\">(*) A primeira candidatura n\u00e3o beneficia de qualquer desconto. As restantes candidaturas est\u00e3o abrangidas pelos patamares estabelecidos (i.e. 2 candidaturas = 10% desconto).<\/p>\n<\/div>\n<\/div>\n\n\n\n<p>Submeta j\u00e1 os seus projetos mais inspiradores. <\/p>\n","protected":false},"excerpt":{"rendered":"<p>A <b>BCMA \u2013 Branded Content Marketing Association Portugal<\/b> e o grupo <b>Cofina<\/b> lan\u00e7am o\u00a0<b>Branded Content Awards<\/b>, um novo pr\u00e9mio com o objetivo de reconhecer a criatividade e a excel\u00eancia das iniciativas de <i>branded content<\/i> de Portugal.<\/p>\n","protected":false},"author":5,"featured_media":0,"parent":0,"menu_order":0,"comment_status":"closed","ping_status":"closed","template":"","meta":{"footnotes":""},"_links":{"self":[{"href":"https:\/\/www.cofinaboostsolutions.pt\/branded-content\/wp-json\/wp\/v2\/pages\/787"}],"collection":[{"href":"https:\/\/www.cofinaboostsolutions.pt\/branded-content\/wp-json\/wp\/v2\/pages"}],"about":[{"href":"https:\/\/www.cofinaboostsolutions.pt\/branded-content\/wp-json\/wp\/v2\/types\/page"}],"author":[{"embeddable":true,"href":"https:\/\/www.cofinaboostsolutions.pt\/branded-content\/wp-json\/wp\/v2\/users\/5"}],"replies":[{"embeddable":true,"href":"https:\/\/www.cofinaboostsolutions.pt\/branded-content\/wp-json\/wp\/v2\/comments?post=787"}],"version-history":[{"count":8,"href":"https:\/\/www.cofinaboostsolutions.pt\/branded-content\/wp-json\/wp\/v2\/pages\/787\/revisions"}],"predecessor-version":[{"id":1315,"href":"https:\/\/www.cofinaboostsolutions.pt\/branded-content\/wp-json\/wp\/v2\/pages\/787\/revisions\/1315"}],"wp:attachment":[{"href":"https:\/\/www.cofinaboostsolutions.pt\/branded-content\/wp-json\/wp\/v2\/media?parent=787"}],"curies":[{"name":"wp","href":"https:\/\/api.w.org\/{rel}","templated":true}]}}