{"id":161,"date":"2022-03-30T16:50:11","date_gmt":"2022-03-30T16:50:11","guid":{"rendered":"https:\/\/www.cofinaboostsolutions.pt\/investir-em-saude\/?page_id=161"},"modified":"2023-12-04T19:05:54","modified_gmt":"2023-12-04T19:05:54","slug":"candidatura","status":"publish","type":"page","link":"https:\/\/www.cofinaboostsolutions.pt\/investir-em-saude\/candidatura\/","title":{"rendered":"Candidatura"},"content":{"rendered":"\n<p>Para submeter a sua candidatura, preencha o formul\u00e1rio com os seus dados. Os campos assinalados com asterisco (*) s\u00e3o de preenchimento obrigat\u00f3rio. Dever\u00e1 ainda fazer <strong>download<\/strong> e <strong>preencher o poster<\/strong> e <strong>envi\u00e1-lo para investiremsaude@cofina.pt<\/strong>.<\/p>\n\n\n<a href=\"https:\/\/cdn.xl.pt\/cofinaboostsolutions\/uploads\/sites\/89\/2023\/12\/Poster-modelo2023.pptx\" class=\"uk-button uk-button-large uk-button-danger\" target=\"_blank\">Download do Poster (PPT)<\/a>\n\n\n<p>Desculpe! Este formul\u00e1rio j\u00e1 n\u00e3o est\u00e1 dispon\u00edvel.<\/p>\n","protected":false},"excerpt":{"rendered":"<p>Para submeter a sua candidatura, preencha o formul\u00e1rio com os seus dados. Os campos assinalados com asterisco (*) s\u00e3o de preenchimento obrigat\u00f3rio. Dever\u00e1 ainda fazer download e preencher o poster e envi\u00e1-lo para investiremsaude@cofina.pt.<\/p>\n","protected":false},"author":5,"featured_media":0,"parent":0,"menu_order":0,"comment_status":"closed","ping_status":"closed","template":"","meta":{"footnotes":""},"_links":{"self":[{"href":"https:\/\/www.cofinaboostsolutions.pt\/investir-em-saude\/wp-json\/wp\/v2\/pages\/161"}],"collection":[{"href":"https:\/\/www.cofinaboostsolutions.pt\/investir-em-saude\/wp-json\/wp\/v2\/pages"}],"about":[{"href":"https:\/\/www.cofinaboostsolutions.pt\/investir-em-saude\/wp-json\/wp\/v2\/types\/page"}],"author":[{"embeddable":true,"href":"https:\/\/www.cofinaboostsolutions.pt\/investir-em-saude\/wp-json\/wp\/v2\/users\/5"}],"replies":[{"embeddable":true,"href":"https:\/\/www.cofinaboostsolutions.pt\/investir-em-saude\/wp-json\/wp\/v2\/comments?post=161"}],"version-history":[{"count":6,"href":"https:\/\/www.cofinaboostsolutions.pt\/investir-em-saude\/wp-json\/wp\/v2\/pages\/161\/revisions"}],"predecessor-version":[{"id":1378,"href":"https:\/\/www.cofinaboostsolutions.pt\/investir-em-saude\/wp-json\/wp\/v2\/pages\/161\/revisions\/1378"}],"wp:attachment":[{"href":"https:\/\/www.cofinaboostsolutions.pt\/investir-em-saude\/wp-json\/wp\/v2\/media?parent=161"}],"curies":[{"name":"wp","href":"https:\/\/api.w.org\/{rel}","templated":true}]}}