{"id":142,"date":"2023-04-19T17:33:47","date_gmt":"2023-04-19T16:33:47","guid":{"rendered":"https:\/\/www.cofinaboostsolutions.pt\/mais-idade-mais\/?page_id=142"},"modified":"2023-04-19T17:33:49","modified_gmt":"2023-04-19T16:33:49","slug":"confirmacao-de-presenca","status":"publish","type":"page","link":"https:\/\/www.cofinaboostsolutions.pt\/mais-idade-mais\/confirmacao-de-presenca\/","title":{"rendered":"Confirma\u00e7\u00e3o de Presen\u00e7a"},"content":{"rendered":"","protected":false},"excerpt":{"rendered":"","protected":false},"author":29,"featured_media":0,"parent":0,"menu_order":0,"comment_status":"closed","ping_status":"closed","template":"","meta":{"footnotes":""},"_links":{"self":[{"href":"https:\/\/www.cofinaboostsolutions.pt\/mais-idade-mais\/wp-json\/wp\/v2\/pages\/142"}],"collection":[{"href":"https:\/\/www.cofinaboostsolutions.pt\/mais-idade-mais\/wp-json\/wp\/v2\/pages"}],"about":[{"href":"https:\/\/www.cofinaboostsolutions.pt\/mais-idade-mais\/wp-json\/wp\/v2\/types\/page"}],"author":[{"embeddable":true,"href":"https:\/\/www.cofinaboostsolutions.pt\/mais-idade-mais\/wp-json\/wp\/v2\/users\/29"}],"replies":[{"embeddable":true,"href":"https:\/\/www.cofinaboostsolutions.pt\/mais-idade-mais\/wp-json\/wp\/v2\/comments?post=142"}],"version-history":[{"count":1,"href":"https:\/\/www.cofinaboostsolutions.pt\/mais-idade-mais\/wp-json\/wp\/v2\/pages\/142\/revisions"}],"predecessor-version":[{"id":145,"href":"https:\/\/www.cofinaboostsolutions.pt\/mais-idade-mais\/wp-json\/wp\/v2\/pages\/142\/revisions\/145"}],"wp:attachment":[{"href":"https:\/\/www.cofinaboostsolutions.pt\/mais-idade-mais\/wp-json\/wp\/v2\/media?parent=142"}],"curies":[{"name":"wp","href":"https:\/\/api.w.org\/{rel}","templated":true}]}}