{"id":1003,"date":"2021-08-30T10:36:03","date_gmt":"2021-08-30T10:36:03","guid":{"rendered":"http:\/\/www.cofinaboostsolutions.pt\/sustentabilidade-2030\/?page_id=1003"},"modified":"2021-11-16T12:47:54","modified_gmt":"2021-11-16T12:47:54","slug":"igualdade-e-diversidade","status":"publish","type":"page","link":"https:\/\/www.cofinaboostsolutions.pt\/sustentabilidade-2030\/conferencias-e-talks-2021-22\/webtalks\/igualdade-e-diversidade\/","title":{"rendered":"Igualdade e Diversidade"},"content":{"rendered":"\n<h5 class=\"wp-block-heading\">&#8220;Um mundo mais justo&#8221;<\/h5>\n\n\n\n<h3 class=\"wp-block-heading\">4 de novembro<\/h3>\n\n\n\n<h4 class=\"wp-block-heading\">21h00<\/h4>\n\n\n\n<div class=\"wp-block-group is-layout-flow wp-block-group-is-layout-flow\"><div class=\"wp-block-group__inner-container\">\n<h2 class=\"wp-block-heading\">Igualdade e Diversidade | &#8220;Um mundo mais justo&#8221;<\/h2>\n\n\n\n<p>O Jornal de Neg\u00f3cios lan\u00e7a, pelo segundo ano consecutivo, o maior ciclo de talks sobre Sustentabilidade. Na sexta semana vamos debater \u00ab<strong> Igualdade e Diversidade | Um mundo mais justo <\/strong>\u00bb com a presen\u00e7a de grandes oradores especialistas no tema. Os t\u00f3picos a debate ser\u00e3o:<\/p>\n\n\n\n<ul class=\"uk-list uk-list-disc\"><li>Igualdade de oportunidades de desenvolvimento pessoal e profissional<\/li><li>Promo\u00e7\u00e3o do respeito m\u00fatuo e da igualdade de oportunidades<\/li><li>A promo\u00e7\u00e3o da empregabilidade dos mais vulner\u00e1veis<\/li><li>A diversidade como fonte de valor para as organiza\u00e7\u00f5es<\/li><li>Bons exemplos e boas pr\u00e1ticas na \u00e1rea da Igualdade e Diversidade<\/li><\/ul>\n\n\n\n<p>O debate ser\u00e1 transmitido no dia <strong>4 de novembro<\/strong>, \u00e0s <strong>21h00<\/strong>, no Site e Facebook do Jornal de Neg\u00f3cios e as conclus\u00f5es publicadas num suplemento dedicado.<\/p>\n<\/div><\/div>\n\n\n\n<div class=\"wp-block-group is-layout-flow wp-block-group-is-layout-flow\"><div class=\"wp-block-group__inner-container\">\n<h2 class=\"wp-block-heading\">Igualdade e Diversidade<\/h2>\n\n\n\n<h4 class=\"wp-block-heading\">4 de novembro 21h00-22h15<\/h4>\n\n\n\n<h5 class=\"wp-block-heading\">21h00 Boas Vindas<\/h5>\n\n\n\n<p><strong><strong>Diana Ramos<\/strong><\/strong>, Diretora, Jornal de Neg\u00f3cios<\/p>\n\n\n\n<h5 class=\"wp-block-heading\">21h05 Abertura Institucional<strong> <\/strong><\/h5>\n\n\n\n<p><strong><strong>Rosa Monteiro<\/strong>, <\/strong>Secret\u00e1ria de Estado para a Cidadania e a Igualdade<\/p>\n\n\n\n<h5 class=\"wp-block-heading\">21h15 Keynote Speaker<\/h5>\n\n\n\n<p><strong>M\u00f3nica Ferro<\/strong>, Directora, Escrit\u00f3rio UNFPA em Genebra<\/p>\n\n\n\n<h5 class=\"wp-block-heading\">21h30 PAINEL DE DEBATE | Igualdade e Diversidade \u2013 Um mundo mais justo<\/h5>\n\n\n\n<p><strong>Ant\u00f3nio Saraiva<\/strong>, Presidente, CIP<br><strong>Bruno Casadinho<\/strong>, Managing Director da Capgemini Engineering<br><strong>Margarida Couto<\/strong>, Presidente da Grace e S\u00f3cia, Vieira de Almeida<br><strong>Sandra Ribeiro<\/strong>, Presidente, Comiss\u00e3o para a Cidadania e Igualdade de G\u00e9nero&nbsp;<br><strong>Isabel Soares<\/strong>, Assuntos Institucionais, Tabaqueira<\/p>\n\n\n\n<p><\/p>\n\n\n\n<p>Modera\u00e7\u00e3o: <strong>Diana Ramos<\/strong>, Diretora, Jornal de Neg\u00f3cios<\/p>\n\n\n\n<h5 class=\"wp-block-heading\">22h15 FIM<\/h5>\n\n\n<div class=\"uk-margin-medium\"><iframe width=\"1280\" height=\"720\" src=\"\/\/www.youtube.com\/embed\/qf9m3-zW5Og?showinfo=0\" frameborder=\"0\" allowfullscreen data-uk-responsive loading=\"lazy\"><\/iframe><\/div>\n<\/div><\/div>\n","protected":false},"excerpt":{"rendered":"<p>&#8220;Um mundo mais justo&#8221; 4 de novembro 21h00 Igualdade e Diversidade | &#8220;Um mundo mais justo&#8221; O Jornal de Neg\u00f3cios lan\u00e7a, pelo segundo ano consecutivo, o maior ciclo de talks sobre Sustentabilidade. Na sexta semana vamos debater \u00ab Igualdade e Diversidade | Um mundo mais justo \u00bb com a presen\u00e7a de grandes oradores especialistas no [&hellip;]<\/p>\n","protected":false},"author":5,"featured_media":0,"parent":949,"menu_order":0,"comment_status":"closed","ping_status":"closed","template":"","meta":{"footnotes":""},"tags":[],"_links":{"self":[{"href":"https:\/\/www.cofinaboostsolutions.pt\/sustentabilidade-2030\/wp-json\/wp\/v2\/pages\/1003"}],"collection":[{"href":"https:\/\/www.cofinaboostsolutions.pt\/sustentabilidade-2030\/wp-json\/wp\/v2\/pages"}],"about":[{"href":"https:\/\/www.cofinaboostsolutions.pt\/sustentabilidade-2030\/wp-json\/wp\/v2\/types\/page"}],"author":[{"embeddable":true,"href":"https:\/\/www.cofinaboostsolutions.pt\/sustentabilidade-2030\/wp-json\/wp\/v2\/users\/5"}],"replies":[{"embeddable":true,"href":"https:\/\/www.cofinaboostsolutions.pt\/sustentabilidade-2030\/wp-json\/wp\/v2\/comments?post=1003"}],"version-history":[{"count":10,"href":"https:\/\/www.cofinaboostsolutions.pt\/sustentabilidade-2030\/wp-json\/wp\/v2\/pages\/1003\/revisions"}],"predecessor-version":[{"id":1976,"href":"https:\/\/www.cofinaboostsolutions.pt\/sustentabilidade-2030\/wp-json\/wp\/v2\/pages\/1003\/revisions\/1976"}],"up":[{"embeddable":true,"href":"https:\/\/www.cofinaboostsolutions.pt\/sustentabilidade-2030\/wp-json\/wp\/v2\/pages\/949"}],"wp:attachment":[{"href":"https:\/\/www.cofinaboostsolutions.pt\/sustentabilidade-2030\/wp-json\/wp\/v2\/media?parent=1003"}],"wp:term":[{"taxonomy":"post_tag","embeddable":true,"href":"https:\/\/www.cofinaboostsolutions.pt\/sustentabilidade-2030\/wp-json\/wp\/v2\/tags?post=1003"}],"curies":[{"name":"wp","href":"https:\/\/api.w.org\/{rel}","templated":true}]}}